{"id":58,"date":"2020-07-30T04:10:13","date_gmt":"2020-07-30T04:10:13","guid":{"rendered":"https:\/\/www.caribbeannature.com\/?page_id=58"},"modified":"2020-07-31T02:23:05","modified_gmt":"2020-07-31T02:23:05","slug":"excursiones","status":"publish","type":"page","link":"https:\/\/www.caribbeannature.com\/?page_id=58","title":{"rendered":"Excursiones"},"content":{"rendered":"<script type=\"text\/javascript\">\r\ndocument.addEventListener(\"DOMContentLoaded\", function(event) { \r\n\tjQuery( '#slider-pro-3-204' ).sliderPro({\r\n\t\t\/\/width\r\n\t\t\t\twidth: \"100%\",\r\n\t\t\t\t\r\n\t\t\/\/height\r\n\t\t\t\tautoHeight: true,\r\n\t\t\t\t\r\n\t\t\/\/autoplay\r\n\t\t\t\tautoplay:  true,\r\n\t\tautoplayOnHover: 'none',\r\n\t\t\t\t\t\t\t\tautoplayDelay: 3000,\r\n\t\t\r\n\t\t\r\n\t\tarrows: true,\r\n\t\tbuttons: false,\r\n\t\tsmallSize: 500,\r\n\t\tmediumSize: 1000,\r\n\t\tlargeSize: 3000,\r\n\t\tfade: false,\r\n\t\t\r\n\t\t\/\/thumbnail\r\n\t\tthumbnailArrows: true,\r\n\t\tthumbnailWidth: 100,\r\n\t\tthumbnailHeight: 50,\r\n\t\t\t\t\t\tthumbnailsPosition: 'bottom',\r\n\t\t\t\t\t\tthumbnailPointer: true, \r\n\t\t\t\tcenterImage: true,\r\n\t\timageScaleMode: 'none',\r\n\t\tallowScaleUp: true,\r\n\t\t\t\tshuffle: true,\r\n\t\t\t\tstartSlide: 0,\r\n\t\tloop: true,\r\n\t\tslideDistance: 5,\r\n\t\tautoplayDirection: 'normal',\r\n\t\ttouchSwipe: true,\r\n\t\tfullScreen: true,\r\n\t});\r\n});\r\n<\/script>\r\n<style>\r\n\/* Layout 3 *\/\r\n\/* border *\/\r\n\r\n\/* font + color *\/\r\n.title-in  {\r\n\tfont-family: Arial !important;\r\n\tcolor: #143b7f !important;\r\n\tbackground-color: #cecece !important;\r\n\topacity: 0.7 !important;\r\n}\r\n.desc-in  {\r\n\tfont-family: Arial !important;\r\n\tcolor: #FFFFFF !important;\r\n\tbackground-color: #00000 !important;\r\n\topacity: 0.7 !important;\r\n}\r\n\r\n\/* bullets color *\/\r\n.sp-button  {\r\n\tborder: 2px solid #148216 !important;\r\n}\r\n.sp-selected-button  {\r\n\tbackground-color: #148216 !important;\r\n}\r\n\r\n\/* pointer color - bottom *\/\r\n.sp-selected-thumbnail::before {\r\n\tborder-bottom: 5px solid #000000 !important;\r\n}\r\n.sp-selected-thumbnail::after {\r\n\tborder-bottom: 13px solid #000000 !important;\r\n}\r\n\r\n\/* pointer color - top *\/\r\n\r\n\/* full screen icon *\/\r\n.sp-full-screen-button::before {\r\n    color: #FFFFFF !important;\r\n}\r\n\r\n\/* hover navigation icon color *\/\r\n.sp-next-arrow::after, .sp-next-arrow::before {\r\n\tbackground-color: #FFFFFF !important;\r\n}\r\n.sp-previous-arrow::after, .sp-previous-arrow::before {\r\n\tbackground-color: #FFFFFF !important;\r\n}\r\n\r\n#slider-pro-3-204 .title-in {\r\n\tcolor: #143b7f !important;\r\n\tfont-weight: bolder;\r\n\ttext-align: center;\r\n}\r\n\r\n#slider-pro-3-204 .title-in-bg {\r\n\tbackground: rgba(255, 255, 255, 0.7); !important;\r\n\twhite-space: unset !important;\r\n\tmax-width: 90%;\r\n\tmin-width: 40%;\r\n\ttransform: initial !important;\r\n\t-webkit-transform: initial !important;\r\n\tfont-size: 14px !important;\r\n}\r\n\r\n#slider-pro-3-204 .desc-in {\r\n\tcolor: #FFFFFF !important;\r\n\ttext-align: center;\r\n}\r\n#slider-pro-3-204 .desc-in-bg {\r\n\tbackground: rgba(#00000, 0.7) !important;\r\n\twhite-space: unset !important;\r\n\twidth: 80% !important;\r\n\tmin-width: 30%;\r\n\ttransform: initial !important;\r\n\t-webkit-transform: initial !important;\r\n\tfont-size: 13px !important;\r\n}\r\n\r\n@media (max-width: 640px) {\r\n\t#slider-pro-3-204 .hide-small-screen {\r\n\t\tdisplay: none;\r\n\t}\r\n}\r\n\r\n@media (max-width: 860px) {\r\n\t#slider-pro-3-204 .sp-layer {\r\n\t\tfont-size: 18px;\r\n\t}\r\n\t\r\n\t#slider-pro-3-204 .hide-medium-screen {\r\n\t\tdisplay: none;\r\n\t}\r\n}\r\n.slides-not-found {\r\n\tbackground-color: #a92929;\r\n\tborder-radius: 5px;\r\n\tcolor: #fff;\r\n\tfont-family: initial;\r\n\ttext-align: center;\r\n\tpadding:12px;\r\n}\r\n\/* Custom CSS *\/\r\n<\/style>\r\n\t\t<div id=\"slider-pro-3-204\" class=\"slider-pro\">\r\n\t\t\t<!---- slides div start ---->\r\n\t\t\t<div class=\"sp-slides\">\r\n\t\t\t\t\t\t\t\t\t\t<div class=\"sp-slide\">\r\n\t\t\t\t\t\t\t<img class=\"sp-image\" alt=\"3-Collage1\" src=\"https:\/\/www.caribbeannature.com\/wp-content\/plugins\/ultimate-responsive-image-slider\/assets\/css\/images\/blank.gif\" data-src=\"https:\/\/www.caribbeannature.com\/wp-content\/uploads\/2020\/07\/3-Collage1.jpg\" \/>\r\n\r\n\t\t\t\t\t\t\t\r\n\t\t\t\t\t\t\t\t\t\t\t\t\t<\/div>\r\n\t\t\t\t\t\t\t\t\t\t\t\t<div class=\"sp-slide\">\r\n\t\t\t\t\t\t\t<img class=\"sp-image\" alt=\"6-Palmas y bote-Couple\" src=\"https:\/\/www.caribbeannature.com\/wp-content\/plugins\/ultimate-responsive-image-slider\/assets\/css\/images\/blank.gif\" data-src=\"https:\/\/www.caribbeannature.com\/wp-content\/uploads\/2020\/07\/6-Palmas-y-bote-Couple.jpg\" \/>\r\n\r\n\t\t\t\t\t\t\t\r\n\t\t\t\t\t\t\t\t\t\t\t\t\t<\/div>\r\n\t\t\t\t\t\t\t\t\t\t\t\t<div class=\"sp-slide\">\r\n\t\t\t\t\t\t\t<img class=\"sp-image\" alt=\"8-woman in the beach\" src=\"https:\/\/www.caribbeannature.com\/wp-content\/plugins\/ultimate-responsive-image-slider\/assets\/css\/images\/blank.gif\" data-src=\"https:\/\/www.caribbeannature.com\/wp-content\/uploads\/2020\/07\/8-woman-in-the-beach.jpg\" \/>\r\n\r\n\t\t\t\t\t\t\t\r\n\t\t\t\t\t\t\t\t\t\t\t\t\t<\/div>\r\n\t\t\t\t\t\t\t\t\t\t\t\t<div class=\"sp-slide\">\r\n\t\t\t\t\t\t\t<img class=\"sp-image\" alt=\"4-Blue Dolphin details\" src=\"https:\/\/www.caribbeannature.com\/wp-content\/plugins\/ultimate-responsive-image-slider\/assets\/css\/images\/blank.gif\" data-src=\"https:\/\/www.caribbeannature.com\/wp-content\/uploads\/2020\/07\/4-Blue-Dolphin-details.jpg\" \/>\r\n\r\n\t\t\t\t\t\t\t\r\n\t\t\t\t\t\t\t\t\t\t\t\t\t<\/div>\r\n\t\t\t\t\t\t\t\t\t\t\t\t<div class=\"sp-slide\">\r\n\t\t\t\t\t\t\t<img class=\"sp-image\" alt=\"7-Palms-north\" src=\"https:\/\/www.caribbeannature.com\/wp-content\/plugins\/ultimate-responsive-image-slider\/assets\/css\/images\/blank.gif\" data-src=\"https:\/\/www.caribbeannature.com\/wp-content\/uploads\/2020\/07\/7-Palms-north.jpg\" \/>\r\n\r\n\t\t\t\t\t\t\t\r\n\t\t\t\t\t\t\t\t\t\t\t\t\t<\/div>\r\n\t\t\t\t\t\t\t\t\t\t\t\t<div class=\"sp-slide\">\r\n\t\t\t\t\t\t\t<img class=\"sp-image\" alt=\"5-Dolphin2\" src=\"https:\/\/www.caribbeannature.com\/wp-content\/plugins\/ultimate-responsive-image-slider\/assets\/css\/images\/blank.gif\" data-src=\"https:\/\/www.caribbeannature.com\/wp-content\/uploads\/2020\/07\/5-Dolphin2.jpg\" \/>\r\n\r\n\t\t\t\t\t\t\t\r\n\t\t\t\t\t\t\t\t\t\t\t\t\t<\/div>\r\n\t\t\t\t\t\t\t\t\t\t\t\t<div class=\"sp-slide\">\r\n\t\t\t\t\t\t\t<img class=\"sp-image\" alt=\"10-Caribbean Natture logo\" src=\"https:\/\/www.caribbeannature.com\/wp-content\/plugins\/ultimate-responsive-image-slider\/assets\/css\/images\/blank.gif\" data-src=\"https:\/\/www.caribbeannature.com\/wp-content\/uploads\/2020\/07\/10-Caribbean-Natture-logo.jpg\" \/>\r\n\r\n\t\t\t\t\t\t\t\r\n\t\t\t\t\t\t\t\t\t\t\t\t\t<\/div>\r\n\t\t\t\t\t\t\t\t\t\t\t\t<div class=\"sp-slide\">\r\n\t\t\t\t\t\t\t<img class=\"sp-image\" alt=\"1-Banner1\" src=\"https:\/\/www.caribbeannature.com\/wp-content\/plugins\/ultimate-responsive-image-slider\/assets\/css\/images\/blank.gif\" data-src=\"https:\/\/www.caribbeannature.com\/wp-content\/uploads\/2020\/07\/1-Banner1.jpg\" \/>\r\n\r\n\t\t\t\t\t\t\t\r\n\t\t\t\t\t\t\t\t\t\t\t\t\t<\/div>\r\n\t\t\t\t\t\t\t\t\t\t\t\t<div class=\"sp-slide\">\r\n\t\t\t\t\t\t\t<img class=\"sp-image\" alt=\"9-Palms-down\" src=\"https:\/\/www.caribbeannature.com\/wp-content\/plugins\/ultimate-responsive-image-slider\/assets\/css\/images\/blank.gif\" data-src=\"https:\/\/www.caribbeannature.com\/wp-content\/uploads\/2020\/07\/9-Palms-down.jpg\" \/>\r\n\r\n\t\t\t\t\t\t\t\r\n\t\t\t\t\t\t\t\t\t\t\t\t\t<\/div>\r\n\t\t\t\t\t\t\t\t\t\t\t\t<div class=\"sp-slide\">\r\n\t\t\t\t\t\t\t<img class=\"sp-image\" alt=\"2-bungalows_down\" src=\"https:\/\/www.caribbeannature.com\/wp-content\/plugins\/ultimate-responsive-image-slider\/assets\/css\/images\/blank.gif\" data-src=\"https:\/\/www.caribbeannature.com\/wp-content\/uploads\/2020\/07\/2-bungalows_down.jpg\" \/>\r\n\r\n\t\t\t\t\t\t\t\r\n\t\t\t\t\t\t\t\t\t\t\t\t\t<\/div>\r\n\t\t\t\t\t\t\t\t\t<\/div>\r\n\t\t\t\r\n\t\t\t<!---- slides div end ---->\r\n\t\t\t\t\t\t<!-- slides thumbnails div end -->\r\n\t\t<\/div>\r\n\n\n\n\n<figure class=\"wp-block-table is-style-stripes\"><table class=\"has-fixed-layout\"><tbody><tr><td class=\"has-text-align-center\" data-align=\"center\">Navegaci\u00f3n en piragua por los r\u00edos de la selva.<img decoding=\"async\" src=\"https:\/\/www.caribbeannature.com\/wp-content\/uploads\/2020\/07\/rio-selva.jpg\" style=\"width: 400px;\"><br> Observa animales ex\u00f3ticos y disfruta del silencio, s\u00f3lo roto por las aves y los monos<\/td><td class=\"has-text-align-center\" data-align=\"center\"><img decoding=\"async\" src=\"https:\/\/www.caribbeannature.com\/wp-content\/uploads\/2020\/07\/monito-down-baja.jpg\" style=\"width: 400px;\">Fotografiando los monos y los perezosos<\/td><\/tr><tr><td class=\"has-text-align-center\" data-align=\"center\"><br>Extraordinaria visita a una tribu ind\u00edgena. Espect\u00e1culo de danzas tribales, conoce sus costumbres ancestrales. <img decoding=\"async\" src=\"https:\/\/www.caribbeannature.com\/wp-content\/uploads\/2020\/07\/Produc19.jpg\" style=\"width: 250px;\"><br>Oportunidad para ver como elaboran sus hermosas artesan\u00edas. Come y dialoga con ellos. Una experiencia que no te puedes perder<\/td><td class=\"has-text-align-center\" data-align=\"center\"><img decoding=\"async\" src=\"https:\/\/www.caribbeannature.com\/wp-content\/uploads\/2020\/07\/Senderos-turisticos.jpg\" style=\"width: 400px;\">Tambi\u00e9n puedes recorrer senderos de selva con un gu\u00eda ind\u00edgena quien te contar\u00e1 como se vive en perfecta uni\u00f3n con la madre naturaleza<\/td><\/tr><tr><td class=\"has-text-align-center\" data-align=\"center\">Excursi\u00f3n a la Laguna de los Delfines. Por la ma\u00f1ana temprano estos delfines, libres en su entorno natural, saludan a los turistas, disfrutando de su presencia.<br><img decoding=\"async\" src=\"https:\/\/www.caribbeannature.com\/wp-content\/uploads\/2020\/07\/delfin-bocas-1.jpg\" style=\"width: 400px;\"><br>No te sorprendas encontrando delfines en tus excursiones diarias. Ellos habitan all\u00ed<\/td><td class=\"has-text-align-center\" data-align=\"center\"><img decoding=\"async\" src=\"https:\/\/www.caribbeannature.com\/wp-content\/uploads\/2020\/07\/buceo.jpg\" style=\"width: 400px;\">Para los amantes del buceo, excursi\u00f3n a Cayo Zapatilla. Fant\u00e1sticos arrecifes de coral.<br><\/td><\/tr><tr><td class=\"has-text-align-center\" data-align=\"center\">Si te gusta la pesca, sal al oc\u00e9ano a buscar ese ejemplar que siempre recordar\u00e1s. <br><img decoding=\"async\" src=\"https:\/\/www.caribbeannature.com\/wp-content\/uploads\/2020\/07\/Produc22.jpg\" style=\"width: 200px;\"><br>(Eso s\u00ed, s\u00f3lo en fotograf\u00eda, porque practicamos &#8220;catch and release&#8221;, es decir devolvemos al mar todo animal que no vayamos a comer)<\/td><td class=\"has-text-align-center\" data-align=\"center\"><img decoding=\"async\" src=\"https:\/\/www.caribbeannature.com\/wp-content\/uploads\/2020\/07\/Descanso.jpg\" alt=\"La imagen tiene un atributo ALT vac\u00edo; su nombre de archivo es Descanso.jpg\" style=\"width: 400px;\"><br>Y si t\u00fa no buceas, no importa, ti\u00e9ndete al sol o nada en estas magn\u00edficas aguas<\/td><\/tr><tr><td class=\"has-text-align-center\" data-align=\"center\">Visita al Parque Natural Marino de Bastimentos. <img decoding=\"async\" src=\"https:\/\/www.caribbeannature.com\/wp-content\/uploads\/2020\/07\/ranita.jpg\" style=\"width: 400px;\">Descubre las fant\u00e1sticas ranitas de colores del tama\u00f1o de una u\u00f1a<\/td><td class=\"has-text-align-center\" data-align=\"center\">Visita a la Playa de las estrellas. Miles de estrellas marinas en un fondo de arena y aguas cristalinas.<img decoding=\"async\" src=\"https:\/\/www.caribbeannature.com\/wp-content\/uploads\/2020\/07\/starfishes.jpg\" style=\"width: 400px;\"> La imagen que siempre quisiste captar con tu c\u00e1mara<\/td><\/tr><\/tbody><\/table><\/figure>\n\n\n\n<hr class=\"wp-block-separator\"\/>\n","protected":false},"excerpt":{"rendered":"<p>Navegaci\u00f3n en piragua por los r\u00edos de la selva. Observa animales ex\u00f3ticos y disfruta del silencio, s\u00f3lo roto por las aves y los monos Fotografiando los monos y los perezosos Extraordinaria visita a una tribu ind\u00edgena. Espect\u00e1culo de danzas tribales, conoce sus costumbres ancestrales. Oportunidad para ver como elaboran sus hermosas artesan\u00edas. Come y dialoga &hellip; <\/p>\n<p class=\"link-more\"><a href=\"https:\/\/www.caribbeannature.com\/?ris_gallery=204\" class=\"more-link\">Continuar leyendo<span class=\"screen-reader-text\"> &#8220;10 slides&#8221;<\/span><\/a><\/p>\n","protected":false},"author":1,"featured_media":0,"parent":0,"menu_order":0,"comment_status":"closed","ping_status":"closed","template":"","meta":{"footnotes":""},"yoast_head":"<!-- This site is optimized with the Yoast SEO plugin v14.7 - https:\/\/yoast.com\/wordpress\/plugins\/seo\/ -->\n<title>Excursiones - Caribbean Nature<\/title>\n<meta name=\"robots\" content=\"index, follow\" \/>\n<meta name=\"googlebot\" content=\"index, follow, max-snippet:-1, max-image-preview:large, max-video-preview:-1\" \/>\n<meta name=\"bingbot\" content=\"index, follow, max-snippet:-1, max-image-preview:large, max-video-preview:-1\" \/>\n<link rel=\"canonical\" href=\"https:\/\/www.caribbeannature.com\/?page_id=58\" \/>\n<meta property=\"og:locale\" content=\"es_ES\" \/>\n<meta property=\"og:type\" content=\"article\" \/>\n<meta property=\"og:title\" content=\"Excursiones - Caribbean Nature\" \/>\n<meta property=\"og:description\" content=\"Navegaci\u00f3n en piragua por los r\u00edos de la selva. Observa animales ex\u00f3ticos y disfruta del silencio, s\u00f3lo roto por las aves y los monos Fotografiando los monos y los perezosos Extraordinaria visita a una tribu ind\u00edgena. Espect\u00e1culo de danzas tribales, conoce sus costumbres ancestrales. Oportunidad para ver como elaboran sus hermosas artesan\u00edas. Come y dialoga &hellip; Continuar leyendo &quot;10 slides&quot;\" \/>\n<meta property=\"og:url\" content=\"https:\/\/www.caribbeannature.com\/?page_id=58\" \/>\n<meta property=\"og:site_name\" content=\"Caribbean Nature\" \/>\n<meta property=\"article:modified_time\" content=\"2020-07-31T02:23:05+00:00\" \/>\n<meta property=\"og:image\" content=\"https:\/\/www.caribbeannature.com\/wp-content\/uploads\/2020\/07\/rio-selva.jpg\" \/>\n<meta name=\"twitter:card\" content=\"summary_large_image\" \/>\n<script type=\"application\/ld+json\" class=\"yoast-schema-graph\">{\"@context\":\"https:\/\/schema.org\",\"@graph\":[{\"@type\":\"WebSite\",\"@id\":\"https:\/\/www.caribbeannature.com\/#website\",\"url\":\"https:\/\/www.caribbeannature.com\/\",\"name\":\"Caribbean Nature\",\"description\":\"Resort n&uacute;mero 1 en Bocas del Toro\",\"potentialAction\":[{\"@type\":\"SearchAction\",\"target\":\"https:\/\/www.caribbeannature.com\/?s={search_term_string}\",\"query-input\":\"required name=search_term_string\"}],\"inLanguage\":\"es\"},{\"@type\":\"ImageObject\",\"@id\":\"https:\/\/www.caribbeannature.com\/?page_id=58#primaryimage\",\"inLanguage\":\"es\",\"url\":\"https:\/\/www.caribbeannature.com\/wp-content\/uploads\/2020\/07\/rio-selva.jpg\",\"width\":677,\"height\":321},{\"@type\":\"WebPage\",\"@id\":\"https:\/\/www.caribbeannature.com\/?page_id=58#webpage\",\"url\":\"https:\/\/www.caribbeannature.com\/?page_id=58\",\"name\":\"Excursiones - Caribbean Nature\",\"isPartOf\":{\"@id\":\"https:\/\/www.caribbeannature.com\/#website\"},\"primaryImageOfPage\":{\"@id\":\"https:\/\/www.caribbeannature.com\/?page_id=58#primaryimage\"},\"datePublished\":\"2020-07-30T04:10:13+00:00\",\"dateModified\":\"2020-07-31T02:23:05+00:00\",\"inLanguage\":\"es\",\"potentialAction\":[{\"@type\":\"ReadAction\",\"target\":[\"https:\/\/www.caribbeannature.com\/?page_id=58\"]}]}]}<\/script>\n<!-- \/ Yoast SEO plugin. -->","_links":{"self":[{"href":"https:\/\/www.caribbeannature.com\/index.php?rest_route=\/wp\/v2\/pages\/58"}],"collection":[{"href":"https:\/\/www.caribbeannature.com\/index.php?rest_route=\/wp\/v2\/pages"}],"about":[{"href":"https:\/\/www.caribbeannature.com\/index.php?rest_route=\/wp\/v2\/types\/page"}],"author":[{"embeddable":true,"href":"https:\/\/www.caribbeannature.com\/index.php?rest_route=\/wp\/v2\/users\/1"}],"replies":[{"embeddable":true,"href":"https:\/\/www.caribbeannature.com\/index.php?rest_route=%2Fwp%2Fv2%2Fcomments&post=58"}],"version-history":[{"count":10,"href":"https:\/\/www.caribbeannature.com\/index.php?rest_route=\/wp\/v2\/pages\/58\/revisions"}],"predecessor-version":[{"id":256,"href":"https:\/\/www.caribbeannature.com\/index.php?rest_route=\/wp\/v2\/pages\/58\/revisions\/256"}],"wp:attachment":[{"href":"https:\/\/www.caribbeannature.com\/index.php?rest_route=%2Fwp%2Fv2%2Fmedia&parent=58"}],"curies":[{"name":"wp","href":"https:\/\/api.w.org\/{rel}","templated":true}]}}