{"id":2,"date":"2020-07-29T01:58:04","date_gmt":"2020-07-29T01:58:04","guid":{"rendered":"https:\/\/www.caribbeannature.com\/?page_id=2"},"modified":"2020-07-31T02:57:18","modified_gmt":"2020-07-31T02:57:18","slug":"sample-page","status":"publish","type":"page","link":"https:\/\/www.caribbeannature.com\/","title":{"rendered":"Inicio"},"content":{"rendered":"<script type=\"text\/javascript\">\r\ndocument.addEventListener(\"DOMContentLoaded\", function(event) { \r\n\tjQuery( '#slider-pro-3-204' ).sliderPro({\r\n\t\t\/\/width\r\n\t\t\t\twidth: \"100%\",\r\n\t\t\t\t\r\n\t\t\/\/height\r\n\t\t\t\tautoHeight: true,\r\n\t\t\t\t\r\n\t\t\/\/autoplay\r\n\t\t\t\tautoplay:  true,\r\n\t\tautoplayOnHover: 'none',\r\n\t\t\t\t\t\t\t\tautoplayDelay: 3000,\r\n\t\t\r\n\t\t\r\n\t\tarrows: true,\r\n\t\tbuttons: false,\r\n\t\tsmallSize: 500,\r\n\t\tmediumSize: 1000,\r\n\t\tlargeSize: 3000,\r\n\t\tfade: false,\r\n\t\t\r\n\t\t\/\/thumbnail\r\n\t\tthumbnailArrows: true,\r\n\t\tthumbnailWidth: 100,\r\n\t\tthumbnailHeight: 50,\r\n\t\t\t\t\t\tthumbnailsPosition: 'bottom',\r\n\t\t\t\t\t\tthumbnailPointer: true, \r\n\t\t\t\tcenterImage: true,\r\n\t\timageScaleMode: 'none',\r\n\t\tallowScaleUp: true,\r\n\t\t\t\tshuffle: true,\r\n\t\t\t\tstartSlide: 0,\r\n\t\tloop: true,\r\n\t\tslideDistance: 5,\r\n\t\tautoplayDirection: 'normal',\r\n\t\ttouchSwipe: true,\r\n\t\tfullScreen: true,\r\n\t});\r\n});\r\n<\/script>\r\n<style>\r\n\/* Layout 3 *\/\r\n\/* border *\/\r\n\r\n\/* font + color *\/\r\n.title-in  {\r\n\tfont-family: Arial !important;\r\n\tcolor: #143b7f !important;\r\n\tbackground-color: #cecece !important;\r\n\topacity: 0.7 !important;\r\n}\r\n.desc-in  {\r\n\tfont-family: Arial !important;\r\n\tcolor: #FFFFFF !important;\r\n\tbackground-color: #00000 !important;\r\n\topacity: 0.7 !important;\r\n}\r\n\r\n\/* bullets color *\/\r\n.sp-button  {\r\n\tborder: 2px solid #148216 !important;\r\n}\r\n.sp-selected-button  {\r\n\tbackground-color: #148216 !important;\r\n}\r\n\r\n\/* pointer color - bottom *\/\r\n.sp-selected-thumbnail::before {\r\n\tborder-bottom: 5px solid #000000 !important;\r\n}\r\n.sp-selected-thumbnail::after {\r\n\tborder-bottom: 13px solid #000000 !important;\r\n}\r\n\r\n\/* pointer color - top *\/\r\n\r\n\/* full screen icon *\/\r\n.sp-full-screen-button::before {\r\n    color: #FFFFFF !important;\r\n}\r\n\r\n\/* hover navigation icon color *\/\r\n.sp-next-arrow::after, .sp-next-arrow::before {\r\n\tbackground-color: #FFFFFF !important;\r\n}\r\n.sp-previous-arrow::after, .sp-previous-arrow::before {\r\n\tbackground-color: #FFFFFF !important;\r\n}\r\n\r\n#slider-pro-3-204 .title-in {\r\n\tcolor: #143b7f !important;\r\n\tfont-weight: bolder;\r\n\ttext-align: center;\r\n}\r\n\r\n#slider-pro-3-204 .title-in-bg {\r\n\tbackground: rgba(255, 255, 255, 0.7); !important;\r\n\twhite-space: unset !important;\r\n\tmax-width: 90%;\r\n\tmin-width: 40%;\r\n\ttransform: initial !important;\r\n\t-webkit-transform: initial !important;\r\n\tfont-size: 14px !important;\r\n}\r\n\r\n#slider-pro-3-204 .desc-in {\r\n\tcolor: #FFFFFF !important;\r\n\ttext-align: center;\r\n}\r\n#slider-pro-3-204 .desc-in-bg {\r\n\tbackground: rgba(#00000, 0.7) !important;\r\n\twhite-space: unset !important;\r\n\twidth: 80% !important;\r\n\tmin-width: 30%;\r\n\ttransform: initial !important;\r\n\t-webkit-transform: initial !important;\r\n\tfont-size: 13px !important;\r\n}\r\n\r\n@media (max-width: 640px) {\r\n\t#slider-pro-3-204 .hide-small-screen {\r\n\t\tdisplay: none;\r\n\t}\r\n}\r\n\r\n@media (max-width: 860px) {\r\n\t#slider-pro-3-204 .sp-layer {\r\n\t\tfont-size: 18px;\r\n\t}\r\n\t\r\n\t#slider-pro-3-204 .hide-medium-screen {\r\n\t\tdisplay: none;\r\n\t}\r\n}\r\n.slides-not-found {\r\n\tbackground-color: #a92929;\r\n\tborder-radius: 5px;\r\n\tcolor: #fff;\r\n\tfont-family: initial;\r\n\ttext-align: center;\r\n\tpadding:12px;\r\n}\r\n\/* Custom CSS *\/\r\n<\/style>\r\n\t\t<div id=\"slider-pro-3-204\" class=\"slider-pro\">\r\n\t\t\t<!---- slides div start ---->\r\n\t\t\t<div class=\"sp-slides\">\r\n\t\t\t\t\t\t\t\t\t\t<div class=\"sp-slide\">\r\n\t\t\t\t\t\t\t<img class=\"sp-image\" alt=\"2-bungalows_down\" src=\"https:\/\/www.caribbeannature.com\/wp-content\/plugins\/ultimate-responsive-image-slider\/assets\/css\/images\/blank.gif\" data-src=\"https:\/\/www.caribbeannature.com\/wp-content\/uploads\/2020\/07\/2-bungalows_down.jpg\" \/>\r\n\r\n\t\t\t\t\t\t\t\r\n\t\t\t\t\t\t\t\t\t\t\t\t\t<\/div>\r\n\t\t\t\t\t\t\t\t\t\t\t\t<div class=\"sp-slide\">\r\n\t\t\t\t\t\t\t<img class=\"sp-image\" alt=\"8-woman in the beach\" src=\"https:\/\/www.caribbeannature.com\/wp-content\/plugins\/ultimate-responsive-image-slider\/assets\/css\/images\/blank.gif\" data-src=\"https:\/\/www.caribbeannature.com\/wp-content\/uploads\/2020\/07\/8-woman-in-the-beach.jpg\" \/>\r\n\r\n\t\t\t\t\t\t\t\r\n\t\t\t\t\t\t\t\t\t\t\t\t\t<\/div>\r\n\t\t\t\t\t\t\t\t\t\t\t\t<div class=\"sp-slide\">\r\n\t\t\t\t\t\t\t<img class=\"sp-image\" alt=\"1-Banner1\" src=\"https:\/\/www.caribbeannature.com\/wp-content\/plugins\/ultimate-responsive-image-slider\/assets\/css\/images\/blank.gif\" data-src=\"https:\/\/www.caribbeannature.com\/wp-content\/uploads\/2020\/07\/1-Banner1.jpg\" \/>\r\n\r\n\t\t\t\t\t\t\t\r\n\t\t\t\t\t\t\t\t\t\t\t\t\t<\/div>\r\n\t\t\t\t\t\t\t\t\t\t\t\t<div class=\"sp-slide\">\r\n\t\t\t\t\t\t\t<img class=\"sp-image\" alt=\"7-Palms-north\" src=\"https:\/\/www.caribbeannature.com\/wp-content\/plugins\/ultimate-responsive-image-slider\/assets\/css\/images\/blank.gif\" data-src=\"https:\/\/www.caribbeannature.com\/wp-content\/uploads\/2020\/07\/7-Palms-north.jpg\" \/>\r\n\r\n\t\t\t\t\t\t\t\r\n\t\t\t\t\t\t\t\t\t\t\t\t\t<\/div>\r\n\t\t\t\t\t\t\t\t\t\t\t\t<div class=\"sp-slide\">\r\n\t\t\t\t\t\t\t<img class=\"sp-image\" alt=\"3-Collage1\" src=\"https:\/\/www.caribbeannature.com\/wp-content\/plugins\/ultimate-responsive-image-slider\/assets\/css\/images\/blank.gif\" data-src=\"https:\/\/www.caribbeannature.com\/wp-content\/uploads\/2020\/07\/3-Collage1.jpg\" \/>\r\n\r\n\t\t\t\t\t\t\t\r\n\t\t\t\t\t\t\t\t\t\t\t\t\t<\/div>\r\n\t\t\t\t\t\t\t\t\t\t\t\t<div class=\"sp-slide\">\r\n\t\t\t\t\t\t\t<img class=\"sp-image\" alt=\"4-Blue Dolphin details\" src=\"https:\/\/www.caribbeannature.com\/wp-content\/plugins\/ultimate-responsive-image-slider\/assets\/css\/images\/blank.gif\" data-src=\"https:\/\/www.caribbeannature.com\/wp-content\/uploads\/2020\/07\/4-Blue-Dolphin-details.jpg\" \/>\r\n\r\n\t\t\t\t\t\t\t\r\n\t\t\t\t\t\t\t\t\t\t\t\t\t<\/div>\r\n\t\t\t\t\t\t\t\t\t\t\t\t<div class=\"sp-slide\">\r\n\t\t\t\t\t\t\t<img class=\"sp-image\" alt=\"6-Palmas y bote-Couple\" src=\"https:\/\/www.caribbeannature.com\/wp-content\/plugins\/ultimate-responsive-image-slider\/assets\/css\/images\/blank.gif\" data-src=\"https:\/\/www.caribbeannature.com\/wp-content\/uploads\/2020\/07\/6-Palmas-y-bote-Couple.jpg\" \/>\r\n\r\n\t\t\t\t\t\t\t\r\n\t\t\t\t\t\t\t\t\t\t\t\t\t<\/div>\r\n\t\t\t\t\t\t\t\t\t\t\t\t<div class=\"sp-slide\">\r\n\t\t\t\t\t\t\t<img class=\"sp-image\" alt=\"10-Caribbean Natture logo\" src=\"https:\/\/www.caribbeannature.com\/wp-content\/plugins\/ultimate-responsive-image-slider\/assets\/css\/images\/blank.gif\" data-src=\"https:\/\/www.caribbeannature.com\/wp-content\/uploads\/2020\/07\/10-Caribbean-Natture-logo.jpg\" \/>\r\n\r\n\t\t\t\t\t\t\t\r\n\t\t\t\t\t\t\t\t\t\t\t\t\t<\/div>\r\n\t\t\t\t\t\t\t\t\t\t\t\t<div class=\"sp-slide\">\r\n\t\t\t\t\t\t\t<img class=\"sp-image\" alt=\"9-Palms-down\" src=\"https:\/\/www.caribbeannature.com\/wp-content\/plugins\/ultimate-responsive-image-slider\/assets\/css\/images\/blank.gif\" data-src=\"https:\/\/www.caribbeannature.com\/wp-content\/uploads\/2020\/07\/9-Palms-down.jpg\" \/>\r\n\r\n\t\t\t\t\t\t\t\r\n\t\t\t\t\t\t\t\t\t\t\t\t\t<\/div>\r\n\t\t\t\t\t\t\t\t\t\t\t\t<div class=\"sp-slide\">\r\n\t\t\t\t\t\t\t<img class=\"sp-image\" alt=\"5-Dolphin2\" src=\"https:\/\/www.caribbeannature.com\/wp-content\/plugins\/ultimate-responsive-image-slider\/assets\/css\/images\/blank.gif\" data-src=\"https:\/\/www.caribbeannature.com\/wp-content\/uploads\/2020\/07\/5-Dolphin2.jpg\" \/>\r\n\r\n\t\t\t\t\t\t\t\r\n\t\t\t\t\t\t\t\t\t\t\t\t\t<\/div>\r\n\t\t\t\t\t\t\t\t\t<\/div>\r\n\t\t\t\r\n\t\t\t<!---- slides div end ---->\r\n\t\t\t\t\t\t<!-- slides thumbnails div end -->\r\n\t\t<\/div>\r\n\n\n\n\n<figure class=\"wp-block-embed-youtube wp-block-embed is-type-video is-provider-youtube wp-embed-aspect-16-9 wp-has-aspect-ratio\"><div class=\"wp-block-embed__wrapper\">\n<iframe loading=\"lazy\" title=\"En Panam\u00e1 unimos al Mundo (Aventura)\" width=\"525\" height=\"295\" src=\"https:\/\/www.youtube.com\/embed\/6fTvFx7M9eU?feature=oembed\" frameborder=\"0\" allow=\"accelerometer; autoplay; encrypted-media; gyroscope; picture-in-picture\" allowfullscreen><\/iframe>\n<\/div><\/figure>\n\n\n\n<figure class=\"wp-block-table aligncenter is-style-stripes\"><table><tbody><tr><td class=\"has-text-align-center\" data-align=\"center\"><img decoding=\"async\" src=\"https:\/\/www.caribbeannature.com\/wp-content\/uploads\/2020\/07\/iStock_000003809113Large.jpg\" alt=\"La imagen tiene un atributo ALT vac\u00edo; su nombre de archivo es iStock_000003809113Large.jpg\" style=\"width: 300px;\"><br><strong><em>Un para\u00edso <\/em>todo el a\u00f1o<\/strong><\/td><td class=\"has-text-align-center\" data-align=\"center\"><img decoding=\"async\" src=\"https:\/\/www.caribbeannature.com\/wp-content\/uploads\/2020\/07\/Blue-Dolpin.gif\" style=\"width: 300px;\"><\/td><\/tr><tr><td class=\"has-text-align-center\" data-align=\"center\"><img decoding=\"async\" src=\"https:\/\/www.caribbeannature.com\/wp-content\/uploads\/2020\/07\/tourist-boat.jpg\"><img decoding=\"async\" src=\"https:\/\/www.caribbeannature.com\/wp-content\/uploads\/2020\/07\/capture14.jpg\"><\/td><td class=\"has-text-align-center\" data-align=\"center\"><img decoding=\"async\" src=\"https:\/\/www.caribbeannature.com\/wp-content\/uploads\/2020\/07\/dos-peces-baja.jpg\" style=\"width: 400px;\"><\/td><\/tr><tr><td class=\"has-text-align-center\" data-align=\"center\"><img decoding=\"async\" src=\"https:\/\/www.caribbeannature.com\/wp-content\/uploads\/2020\/07\/Bungalow-suite-1.jpg\" style=\"width: 400px;\"><\/td><td class=\"has-text-align-center\" data-align=\"center\"><img decoding=\"async\" src=\"https:\/\/www.caribbeannature.com\/wp-content\/uploads\/2020\/07\/home_plane.gif\"><\/td><\/tr><\/tbody><\/table><\/figure>\n\n\n\n<p><strong>El mar azul siempre presente<\/strong><\/p>\n\n\n\n<figure class=\"wp-block-table aligncenter is-style-stripes\"><table><tbody><tr><td class=\"has-text-align-center\" data-align=\"center\"><img decoding=\"async\" src=\"https:\/\/www.caribbeannature.com\/wp-content\/uploads\/2020\/07\/resume5.jpg\" style=\"width: 400px;\"><\/td><td class=\"has-text-align-center\" data-align=\"center\"><img decoding=\"async\" src=\"https:\/\/www.caribbeannature.com\/wp-content\/uploads\/2020\/07\/Caribbean-1-5-5-2011-2.jpg\" style=\"width: 255px;\"><\/td><\/tr><tr><td class=\"has-text-align-center\" data-align=\"center\"><img decoding=\"async\" src=\"https:\/\/www.caribbeannature.com\/wp-content\/uploads\/2020\/07\/Scene-21-recta-1024x600.jpg\" style=\"width: 350px;\"><\/td><td class=\"has-text-align-center\" data-align=\"center\"><img decoding=\"async\" src=\"https:\/\/www.caribbeannature.com\/wp-content\/uploads\/2020\/07\/Image10.jpg\" style=\"width: 200px;\"><\/td><\/tr><tr><td class=\"has-text-align-center\" data-align=\"center\"><img decoding=\"async\" src=\"https:\/\/www.caribbeannature.com\/wp-content\/uploads\/2020\/07\/Image18.jpg\" style=\"width: 200px;\"><\/td><td class=\"has-text-align-center\" data-align=\"center\"><img decoding=\"async\" src=\"https:\/\/www.caribbeannature.com\/wp-content\/uploads\/2020\/07\/hamaca-cool.jpg\" style=\"width: 250px;\"><\/td><\/tr><tr><td class=\"has-text-align-center\" data-align=\"center\"><img decoding=\"async\" src=\"https:\/\/www.caribbeannature.com\/wp-content\/uploads\/2020\/07\/Velero-baja.jpg\" style=\"width: 200px;\"><\/td><td class=\"has-text-align-center\" data-align=\"center\"><img decoding=\"async\" src=\"https:\/\/www.caribbeannature.com\/wp-content\/uploads\/2020\/07\/tourist-boat-1.jpg\" style=\"width: 200px;\"><\/td><\/tr><\/tbody><\/table><\/figure>\n\n\n\n<p><strong>Mil maneras de disfrutar cada d\u00eda<\/strong><\/p>\n\n\n\n<figure class=\"wp-block-gallery columns-3 is-cropped wp-block-gallery-1 is-layout-flex wp-block-gallery-is-layout-flex\"><ul class=\"blocks-gallery-grid\"><li class=\"blocks-gallery-item\"><figure><img decoding=\"async\" loading=\"lazy\" width=\"863\" height=\"631\" src=\"https:\/\/www.caribbeannature.com\/wp-content\/uploads\/2020\/07\/Blue-Dolpin.jpg\" alt=\"\" data-id=\"237\" data-full-url=\"https:\/\/www.caribbeannature.com\/wp-content\/uploads\/2020\/07\/Blue-Dolpin.jpg\" data-link=\"https:\/\/www.caribbeannature.com\/?attachment_id=237\" class=\"wp-image-237\" srcset=\"https:\/\/www.caribbeannature.com\/wp-content\/uploads\/2020\/07\/Blue-Dolpin.jpg 863w, https:\/\/www.caribbeannature.com\/wp-content\/uploads\/2020\/07\/Blue-Dolpin-300x219.jpg 300w, https:\/\/www.caribbeannature.com\/wp-content\/uploads\/2020\/07\/Blue-Dolpin-768x562.jpg 768w\" sizes=\"(max-width: 767px) 89vw, (max-width: 1000px) 54vw, (max-width: 1071px) 543px, 580px\" \/><\/figure><\/li><li class=\"blocks-gallery-item\"><figure><img decoding=\"async\" loading=\"lazy\" width=\"236\" height=\"179\" src=\"https:\/\/www.caribbeannature.com\/wp-content\/uploads\/2020\/07\/iStock_000003385433Medium.jpg\" alt=\"\" data-id=\"238\" data-full-url=\"https:\/\/www.caribbeannature.com\/wp-content\/uploads\/2020\/07\/iStock_000003385433Medium.jpg\" data-link=\"https:\/\/www.caribbeannature.com\/?attachment_id=238\" class=\"wp-image-238\"\/><\/figure><\/li><li class=\"blocks-gallery-item\"><figure><img decoding=\"async\" loading=\"lazy\" width=\"483\" height=\"359\" src=\"https:\/\/www.caribbeannature.com\/wp-content\/uploads\/2020\/07\/Kayak.jpg\" alt=\"\" data-id=\"239\" data-full-url=\"https:\/\/www.caribbeannature.com\/wp-content\/uploads\/2020\/07\/Kayak.jpg\" data-link=\"https:\/\/www.caribbeannature.com\/?attachment_id=239\" class=\"wp-image-239\" srcset=\"https:\/\/www.caribbeannature.com\/wp-content\/uploads\/2020\/07\/Kayak.jpg 483w, https:\/\/www.caribbeannature.com\/wp-content\/uploads\/2020\/07\/Kayak-300x223.jpg 300w\" sizes=\"(max-width: 483px) 100vw, 483px\" \/><\/figure><\/li><li class=\"blocks-gallery-item\"><figure><img decoding=\"async\" loading=\"lazy\" width=\"500\" height=\"333\" src=\"https:\/\/www.caribbeannature.com\/wp-content\/uploads\/2020\/07\/monito-down-baja-1.jpg\" alt=\"\" data-id=\"240\" data-full-url=\"https:\/\/www.caribbeannature.com\/wp-content\/uploads\/2020\/07\/monito-down-baja-1.jpg\" data-link=\"https:\/\/www.caribbeannature.com\/?attachment_id=240\" class=\"wp-image-240\" srcset=\"https:\/\/www.caribbeannature.com\/wp-content\/uploads\/2020\/07\/monito-down-baja-1.jpg 500w, https:\/\/www.caribbeannature.com\/wp-content\/uploads\/2020\/07\/monito-down-baja-1-300x200.jpg 300w\" sizes=\"(max-width: 500px) 100vw, 500px\" \/><\/figure><\/li><li class=\"blocks-gallery-item\"><figure><img decoding=\"async\" loading=\"lazy\" width=\"472\" height=\"315\" src=\"https:\/\/www.caribbeannature.com\/wp-content\/uploads\/2020\/07\/opcion-1-en-baja.jpg\" alt=\"\" data-id=\"241\" data-full-url=\"https:\/\/www.caribbeannature.com\/wp-content\/uploads\/2020\/07\/opcion-1-en-baja.jpg\" data-link=\"https:\/\/www.caribbeannature.com\/?attachment_id=241\" class=\"wp-image-241\" srcset=\"https:\/\/www.caribbeannature.com\/wp-content\/uploads\/2020\/07\/opcion-1-en-baja.jpg 472w, https:\/\/www.caribbeannature.com\/wp-content\/uploads\/2020\/07\/opcion-1-en-baja-300x200.jpg 300w\" sizes=\"(max-width: 472px) 100vw, 472px\" \/><\/figure><\/li><li class=\"blocks-gallery-item\"><figure><img decoding=\"async\" loading=\"lazy\" width=\"207\" height=\"158\" src=\"https:\/\/www.caribbeannature.com\/wp-content\/uploads\/2020\/07\/P1110887.jpg\" alt=\"\" data-id=\"242\" data-full-url=\"https:\/\/www.caribbeannature.com\/wp-content\/uploads\/2020\/07\/P1110887.jpg\" data-link=\"https:\/\/www.caribbeannature.com\/?attachment_id=242\" class=\"wp-image-242\"\/><\/figure><\/li><li class=\"blocks-gallery-item\"><figure><img decoding=\"async\" loading=\"lazy\" width=\"275\" height=\"183\" src=\"https:\/\/www.caribbeannature.com\/wp-content\/uploads\/2020\/07\/piscina-2-1.jpg\" alt=\"\" data-id=\"243\" data-full-url=\"https:\/\/www.caribbeannature.com\/wp-content\/uploads\/2020\/07\/piscina-2-1.jpg\" data-link=\"https:\/\/www.caribbeannature.com\/?attachment_id=243\" class=\"wp-image-243\"\/><\/figure><\/li><li class=\"blocks-gallery-item\"><figure><img decoding=\"async\" loading=\"lazy\" width=\"200\" height=\"156\" src=\"https:\/\/www.caribbeannature.com\/wp-content\/uploads\/2020\/07\/Produc12.jpg\" alt=\"\" data-id=\"244\" data-full-url=\"https:\/\/www.caribbeannature.com\/wp-content\/uploads\/2020\/07\/Produc12.jpg\" data-link=\"https:\/\/www.caribbeannature.com\/?attachment_id=244\" class=\"wp-image-244\"\/><\/figure><\/li><li class=\"blocks-gallery-item\"><figure><img decoding=\"async\" loading=\"lazy\" width=\"123\" height=\"116\" src=\"https:\/\/www.caribbeannature.com\/wp-content\/uploads\/2020\/07\/Produc32.jpg\" alt=\"\" data-id=\"245\" data-full-url=\"https:\/\/www.caribbeannature.com\/wp-content\/uploads\/2020\/07\/Produc32.jpg\" data-link=\"https:\/\/www.caribbeannature.com\/?attachment_id=245\" class=\"wp-image-245\"\/><\/figure><\/li><li class=\"blocks-gallery-item\"><figure><img decoding=\"async\" loading=\"lazy\" width=\"308\" height=\"299\" src=\"https:\/\/www.caribbeannature.com\/wp-content\/uploads\/2020\/07\/snorkel_kid.jpg\" alt=\"\" data-id=\"246\" data-full-url=\"https:\/\/www.caribbeannature.com\/wp-content\/uploads\/2020\/07\/snorkel_kid.jpg\" data-link=\"https:\/\/www.caribbeannature.com\/?attachment_id=246\" class=\"wp-image-246\" srcset=\"https:\/\/www.caribbeannature.com\/wp-content\/uploads\/2020\/07\/snorkel_kid.jpg 308w, https:\/\/www.caribbeannature.com\/wp-content\/uploads\/2020\/07\/snorkel_kid-300x291.jpg 300w\" sizes=\"(max-width: 308px) 100vw, 308px\" \/><\/figure><\/li><li class=\"blocks-gallery-item\"><figure><img decoding=\"async\" loading=\"lazy\" width=\"360\" height=\"240\" src=\"https:\/\/www.caribbeannature.com\/wp-content\/uploads\/2020\/07\/SUP-1.jpg\" alt=\"\" data-id=\"247\" data-full-url=\"https:\/\/www.caribbeannature.com\/wp-content\/uploads\/2020\/07\/SUP-1.jpg\" data-link=\"https:\/\/www.caribbeannature.com\/?attachment_id=247\" class=\"wp-image-247\" srcset=\"https:\/\/www.caribbeannature.com\/wp-content\/uploads\/2020\/07\/SUP-1.jpg 360w, https:\/\/www.caribbeannature.com\/wp-content\/uploads\/2020\/07\/SUP-1-300x200.jpg 300w\" sizes=\"(max-width: 360px) 100vw, 360px\" \/><\/figure><\/li><li class=\"blocks-gallery-item\"><figure><img decoding=\"async\" loading=\"lazy\" width=\"626\" height=\"367\" src=\"https:\/\/www.caribbeannature.com\/wp-content\/uploads\/2020\/07\/tortoise-and-diver.jpg\" alt=\"\" data-id=\"248\" data-full-url=\"https:\/\/www.caribbeannature.com\/wp-content\/uploads\/2020\/07\/tortoise-and-diver.jpg\" data-link=\"https:\/\/www.caribbeannature.com\/?attachment_id=248\" class=\"wp-image-248\" srcset=\"https:\/\/www.caribbeannature.com\/wp-content\/uploads\/2020\/07\/tortoise-and-diver.jpg 626w, https:\/\/www.caribbeannature.com\/wp-content\/uploads\/2020\/07\/tortoise-and-diver-300x176.jpg 300w\" sizes=\"(max-width: 626px) 100vw, 626px\" \/><\/figure><\/li><\/ul><\/figure>\n\n\n\n<figure class=\"wp-block-embed-youtube wp-block-embed is-type-video is-provider-youtube wp-embed-aspect-16-9 wp-has-aspect-ratio\"><div class=\"wp-block-embed__wrapper\">\n<iframe loading=\"lazy\" title=\"En Panam\u00e1 unimos al Mundo (tradiciones)\" width=\"525\" height=\"295\" src=\"https:\/\/www.youtube.com\/embed\/PgpYL70B1m0?feature=oembed\" frameborder=\"0\" allow=\"accelerometer; autoplay; encrypted-media; gyroscope; picture-in-picture\" allowfullscreen><\/iframe>\n<\/div><\/figure>\n\n\n\n<hr class=\"wp-block-separator\"\/>\n","protected":false},"excerpt":{"rendered":"<p>Un para\u00edso todo el a\u00f1o El mar azul siempre presente Mil maneras de disfrutar cada d\u00eda<\/p>\n","protected":false},"author":1,"featured_media":0,"parent":0,"menu_order":0,"comment_status":"closed","ping_status":"open","template":"","meta":{"footnotes":""},"yoast_head":"<!-- This site is optimized with the Yoast SEO plugin v14.7 - https:\/\/yoast.com\/wordpress\/plugins\/seo\/ -->\n<title>Inicio - Caribbean Nature<\/title>\n<meta name=\"robots\" content=\"index, follow\" \/>\n<meta name=\"googlebot\" content=\"index, follow, max-snippet:-1, max-image-preview:large, max-video-preview:-1\" \/>\n<meta name=\"bingbot\" content=\"index, follow, max-snippet:-1, max-image-preview:large, max-video-preview:-1\" \/>\n<link rel=\"canonical\" href=\"https:\/\/www.caribbeannature.com\/\" \/>\n<meta property=\"og:locale\" content=\"es_ES\" \/>\n<meta property=\"og:type\" content=\"article\" \/>\n<meta property=\"og:title\" content=\"Inicio - Caribbean Nature\" \/>\n<meta property=\"og:description\" content=\"Un para\u00edso todo el a\u00f1o El mar azul siempre presente Mil maneras de disfrutar cada d\u00eda\" \/>\n<meta property=\"og:url\" content=\"https:\/\/www.caribbeannature.com\/\" \/>\n<meta property=\"og:site_name\" content=\"Caribbean Nature\" \/>\n<meta property=\"article:modified_time\" content=\"2020-07-31T02:57:18+00:00\" \/>\n<meta property=\"og:image\" content=\"https:\/\/www.caribbeannature.com\/wp-content\/uploads\/2020\/07\/iStock_000003809113Large.jpg\" \/>\n<meta name=\"twitter:card\" content=\"summary_large_image\" \/>\n<script type=\"application\/ld+json\" class=\"yoast-schema-graph\">{\"@context\":\"https:\/\/schema.org\",\"@graph\":[{\"@type\":\"WebSite\",\"@id\":\"https:\/\/www.caribbeannature.com\/#website\",\"url\":\"https:\/\/www.caribbeannature.com\/\",\"name\":\"Caribbean Nature\",\"description\":\"Resort n&uacute;mero 1 en Bocas del Toro\",\"potentialAction\":[{\"@type\":\"SearchAction\",\"target\":\"https:\/\/www.caribbeannature.com\/?s={search_term_string}\",\"query-input\":\"required name=search_term_string\"}],\"inLanguage\":\"es\"},{\"@type\":\"ImageObject\",\"@id\":\"https:\/\/www.caribbeannature.com\/#primaryimage\",\"inLanguage\":\"es\",\"url\":\"https:\/\/www.caribbeannature.com\/wp-content\/uploads\/2020\/07\/iStock_000003809113Large.jpg\",\"width\":263,\"height\":183},{\"@type\":\"WebPage\",\"@id\":\"https:\/\/www.caribbeannature.com\/#webpage\",\"url\":\"https:\/\/www.caribbeannature.com\/\",\"name\":\"Inicio - Caribbean Nature\",\"isPartOf\":{\"@id\":\"https:\/\/www.caribbeannature.com\/#website\"},\"primaryImageOfPage\":{\"@id\":\"https:\/\/www.caribbeannature.com\/#primaryimage\"},\"datePublished\":\"2020-07-29T01:58:04+00:00\",\"dateModified\":\"2020-07-31T02:57:18+00:00\",\"inLanguage\":\"es\",\"potentialAction\":[{\"@type\":\"ReadAction\",\"target\":[\"https:\/\/www.caribbeannature.com\/\"]}]}]}<\/script>\n<!-- \/ Yoast SEO plugin. -->","_links":{"self":[{"href":"https:\/\/www.caribbeannature.com\/index.php?rest_route=\/wp\/v2\/pages\/2"}],"collection":[{"href":"https:\/\/www.caribbeannature.com\/index.php?rest_route=\/wp\/v2\/pages"}],"about":[{"href":"https:\/\/www.caribbeannature.com\/index.php?rest_route=\/wp\/v2\/types\/page"}],"author":[{"embeddable":true,"href":"https:\/\/www.caribbeannature.com\/index.php?rest_route=\/wp\/v2\/users\/1"}],"replies":[{"embeddable":true,"href":"https:\/\/www.caribbeannature.com\/index.php?rest_route=%2Fwp%2Fv2%2Fcomments&post=2"}],"version-history":[{"count":20,"href":"https:\/\/www.caribbeannature.com\/index.php?rest_route=\/wp\/v2\/pages\/2\/revisions"}],"predecessor-version":[{"id":283,"href":"https:\/\/www.caribbeannature.com\/index.php?rest_route=\/wp\/v2\/pages\/2\/revisions\/283"}],"wp:attachment":[{"href":"https:\/\/www.caribbeannature.com\/index.php?rest_route=%2Fwp%2Fv2%2Fmedia&parent=2"}],"curies":[{"name":"wp","href":"https:\/\/api.w.org\/{rel}","templated":true}]}}