{"id":167,"date":"2020-07-30T06:38:54","date_gmt":"2020-07-30T06:38:54","guid":{"rendered":"https:\/\/www.caribbeannature.com\/?page_id=167"},"modified":"2021-10-13T20:10:17","modified_gmt":"2021-10-13T20:10:17","slug":"villas-platino-2","status":"publish","type":"page","link":"https:\/\/www.caribbeannature.com\/?page_id=167","title":{"rendered":"Villas ORO PLUS"},"content":{"rendered":"\n<div class=\"wp-block-image\"><figure class=\"aligncenter size-large\"><img decoding=\"async\" loading=\"lazy\" width=\"850\" height=\"110\" src=\"https:\/\/www.caribbeannature.com\/wp-content\/uploads\/2020\/07\/oro-plus-2.jpg\" alt=\"Villas Oro Plus\" class=\"wp-image-182\" srcset=\"https:\/\/www.caribbeannature.com\/wp-content\/uploads\/2020\/07\/oro-plus-2.jpg 850w, https:\/\/www.caribbeannature.com\/wp-content\/uploads\/2020\/07\/oro-plus-2-300x39.jpg 300w, https:\/\/www.caribbeannature.com\/wp-content\/uploads\/2020\/07\/oro-plus-2-768x99.jpg 768w\" sizes=\"(max-width: 767px) 89vw, (max-width: 1000px) 54vw, (max-width: 1071px) 543px, 580px\" \/><\/figure><\/div>\n\n\n\n<figure class=\"wp-block-table aligncenter is-style-stripes\"><table><tbody><tr><td class=\"has-text-align-center\" data-align=\"center\"><strong>Usted y su familia podr\u00e1n disfrutar estas lujosas villas frente al mar<\/strong><br><br><img decoding=\"async\" src=\"https:\/\/www.caribbeannature.com\/wp-content\/uploads\/2020\/07\/BUNGALOW-TIERRA-B2.2-1024x768.jpg\"><\/td><\/tr><tr><td class=\"has-text-align-center\" data-align=\"center\"><strong>Amueblamiento hasta 4 personas<\/strong><br><img decoding=\"async\" src=\"https:\/\/www.caribbeannature.com\/wp-content\/uploads\/2020\/07\/ORO-PLUS-A-1024x761.jpg\"><br>Una amplia rec\u00e1mara con cama king, un gran sal\u00f3n con sof\u00e1-cama, cocina\/desayunador, ba\u00f1o con cabina de ducha y masaje, deck-terraza frente al mar, televisi\u00f3n, Wi Fi, tel\u00e9fono, cafetera, micro ondas, mini bar, caja de seguridad.<\/td><\/tr><\/tbody><\/table><\/figure>\n\n\n\n<figure class=\"wp-block-table is-style-stripes\"><table><tbody><tr><td><img decoding=\"async\" src=\"https:\/\/www.caribbeannature.com\/wp-content\/uploads\/2020\/07\/EF-sala-ext-1024x768.jpg\"><\/td><td><img decoding=\"async\" src=\"https:\/\/www.caribbeannature.com\/wp-content\/uploads\/2020\/07\/EF-sala-int-0-1024x768.jpg\"><\/td><\/tr><tr><td><img decoding=\"async\" src=\"https:\/\/www.caribbeannature.com\/wp-content\/uploads\/2020\/07\/EF-sala-int-1-1024x768.jpg\"><\/td><td><img decoding=\"async\" src=\"https:\/\/www.caribbeannature.com\/wp-content\/uploads\/2020\/07\/A-sala-int-1024x768.jpg\"><\/td><\/tr><tr><td><img decoding=\"async\" src=\"https:\/\/www.caribbeannature.com\/wp-content\/uploads\/2020\/07\/AB-room1-ext-1-1024x768.jpg\"><\/td><td><img decoding=\"async\" src=\"https:\/\/www.caribbeannature.com\/wp-content\/uploads\/2020\/07\/EF-room-int-1024x768.jpg\"><\/td><\/tr><\/tbody><\/table><\/figure>\n\n\n\n<hr class=\"wp-block-separator\"\/>\n\n\n\n<figure class=\"wp-block-table aligncenter is-style-stripes\"><table><tbody><tr><td class=\"has-text-align-center\" data-align=\"center\"><strong>Amueblamiento hasta 6 personas<\/strong><br><img decoding=\"async\" src=\"https:\/\/www.caribbeannature.com\/wp-content\/uploads\/2020\/07\/ORO-PLUS-1-1024x768.jpg\"><br>Una amplia rec\u00e1mara con cama king, otra amplia rec\u00e1mara con dos camas queen, cocina\/desayunador, ba\u00f1o con cabina de ducha y masaje, deck-terraza mirando al mar, televisi\u00f3n, Wi Fi, tel\u00e9fono, cafetera, micro ondas, mini bar, caja de seguridad<\/td><\/tr><\/tbody><\/table><\/figure>\n\n\n\n<hr class=\"wp-block-separator\"\/>\n","protected":false},"excerpt":{"rendered":"<p>Usted y su familia podr\u00e1n disfrutar estas lujosas villas frente al mar Amueblamiento hasta 4 personasUna amplia rec\u00e1mara con cama king, un gran sal\u00f3n con sof\u00e1-cama, cocina\/desayunador, ba\u00f1o con cabina de ducha y masaje, deck-terraza frente al mar, televisi\u00f3n, Wi Fi, tel\u00e9fono, cafetera, micro ondas, mini bar, caja de seguridad. Amueblamiento hasta 6 personasUna amplia &hellip; <\/p>\n<p class=\"link-more\"><a href=\"https:\/\/www.caribbeannature.com\/?page_id=167\" class=\"more-link\">Continuar leyendo<span class=\"screen-reader-text\"> &#8220;Villas ORO PLUS&#8221;<\/span><\/a><\/p>\n","protected":false},"author":1,"featured_media":0,"parent":0,"menu_order":0,"comment_status":"closed","ping_status":"closed","template":"","meta":{"footnotes":""},"yoast_head":"<!-- This site is optimized with the Yoast SEO plugin v14.7 - https:\/\/yoast.com\/wordpress\/plugins\/seo\/ -->\n<title>Villas ORO PLUS - Caribbean Nature<\/title>\n<meta name=\"robots\" content=\"index, follow\" \/>\n<meta name=\"googlebot\" content=\"index, follow, max-snippet:-1, max-image-preview:large, max-video-preview:-1\" \/>\n<meta name=\"bingbot\" content=\"index, follow, max-snippet:-1, max-image-preview:large, max-video-preview:-1\" \/>\n<link rel=\"canonical\" href=\"https:\/\/www.caribbeannature.com\/?page_id=167\" \/>\n<meta property=\"og:locale\" content=\"es_ES\" \/>\n<meta property=\"og:type\" content=\"article\" \/>\n<meta property=\"og:title\" content=\"Villas ORO PLUS - Caribbean Nature\" \/>\n<meta property=\"og:description\" content=\"Usted y su familia podr\u00e1n disfrutar estas lujosas villas frente al mar Amueblamiento hasta 4 personasUna amplia rec\u00e1mara con cama king, un gran sal\u00f3n con sof\u00e1-cama, cocina\/desayunador, ba\u00f1o con cabina de ducha y masaje, deck-terraza frente al mar, televisi\u00f3n, Wi Fi, tel\u00e9fono, cafetera, micro ondas, mini bar, caja de seguridad. Amueblamiento hasta 6 personasUna amplia &hellip; Continuar leyendo &quot;Villas ORO PLUS&quot;\" \/>\n<meta property=\"og:url\" content=\"https:\/\/www.caribbeannature.com\/?page_id=167\" \/>\n<meta property=\"og:site_name\" content=\"Caribbean Nature\" \/>\n<meta property=\"article:modified_time\" content=\"2021-10-13T20:10:17+00:00\" \/>\n<meta property=\"og:image\" content=\"https:\/\/www.caribbeannature.com\/wp-content\/uploads\/2020\/07\/oro-plus-2.jpg\" \/>\n<meta name=\"twitter:card\" content=\"summary_large_image\" \/>\n<script type=\"application\/ld+json\" class=\"yoast-schema-graph\">{\"@context\":\"https:\/\/schema.org\",\"@graph\":[{\"@type\":\"WebSite\",\"@id\":\"https:\/\/www.caribbeannature.com\/#website\",\"url\":\"https:\/\/www.caribbeannature.com\/\",\"name\":\"Caribbean Nature\",\"description\":\"Resort n&uacute;mero 1 en Bocas del Toro\",\"potentialAction\":[{\"@type\":\"SearchAction\",\"target\":\"https:\/\/www.caribbeannature.com\/?s={search_term_string}\",\"query-input\":\"required name=search_term_string\"}],\"inLanguage\":\"es\"},{\"@type\":\"ImageObject\",\"@id\":\"https:\/\/www.caribbeannature.com\/?page_id=167#primaryimage\",\"inLanguage\":\"es\",\"url\":\"https:\/\/www.caribbeannature.com\/wp-content\/uploads\/2020\/07\/oro-plus-2.jpg\",\"width\":850,\"height\":110,\"caption\":\"Villas Oro Plus\"},{\"@type\":\"WebPage\",\"@id\":\"https:\/\/www.caribbeannature.com\/?page_id=167#webpage\",\"url\":\"https:\/\/www.caribbeannature.com\/?page_id=167\",\"name\":\"Villas ORO PLUS - Caribbean Nature\",\"isPartOf\":{\"@id\":\"https:\/\/www.caribbeannature.com\/#website\"},\"primaryImageOfPage\":{\"@id\":\"https:\/\/www.caribbeannature.com\/?page_id=167#primaryimage\"},\"datePublished\":\"2020-07-30T06:38:54+00:00\",\"dateModified\":\"2021-10-13T20:10:17+00:00\",\"inLanguage\":\"es\",\"potentialAction\":[{\"@type\":\"ReadAction\",\"target\":[\"https:\/\/www.caribbeannature.com\/?page_id=167\"]}]}]}<\/script>\n<!-- \/ Yoast SEO plugin. -->","_links":{"self":[{"href":"https:\/\/www.caribbeannature.com\/index.php?rest_route=\/wp\/v2\/pages\/167"}],"collection":[{"href":"https:\/\/www.caribbeannature.com\/index.php?rest_route=\/wp\/v2\/pages"}],"about":[{"href":"https:\/\/www.caribbeannature.com\/index.php?rest_route=\/wp\/v2\/types\/page"}],"author":[{"embeddable":true,"href":"https:\/\/www.caribbeannature.com\/index.php?rest_route=\/wp\/v2\/users\/1"}],"replies":[{"embeddable":true,"href":"https:\/\/www.caribbeannature.com\/index.php?rest_route=%2Fwp%2Fv2%2Fcomments&post=167"}],"version-history":[{"count":5,"href":"https:\/\/www.caribbeannature.com\/index.php?rest_route=\/wp\/v2\/pages\/167\/revisions"}],"predecessor-version":[{"id":298,"href":"https:\/\/www.caribbeannature.com\/index.php?rest_route=\/wp\/v2\/pages\/167\/revisions\/298"}],"wp:attachment":[{"href":"https:\/\/www.caribbeannature.com\/index.php?rest_route=%2Fwp%2Fv2%2Fmedia&parent=167"}],"curies":[{"name":"wp","href":"https:\/\/api.w.org\/{rel}","templated":true}]}}