{"id":152,"date":"2020-07-30T06:38:54","date_gmt":"2020-07-30T06:38:54","guid":{"rendered":"https:\/\/www.caribbeannature.com\/?page_id=152"},"modified":"2021-10-13T20:06:08","modified_gmt":"2021-10-13T20:06:08","slug":"villas-platino","status":"publish","type":"page","link":"https:\/\/www.caribbeannature.com\/?page_id=152","title":{"rendered":"Villas PLATINO"},"content":{"rendered":"\n<div class=\"wp-block-image\"><figure class=\"alignleft size-large\"><img decoding=\"async\" loading=\"lazy\" width=\"850\" height=\"110\" src=\"https:\/\/www.caribbeannature.com\/wp-content\/uploads\/2020\/07\/platino-banner-1.jpg\" alt=\"Villas platino\" class=\"wp-image-183\" srcset=\"https:\/\/www.caribbeannature.com\/wp-content\/uploads\/2020\/07\/platino-banner-1.jpg 850w, https:\/\/www.caribbeannature.com\/wp-content\/uploads\/2020\/07\/platino-banner-1-300x39.jpg 300w, https:\/\/www.caribbeannature.com\/wp-content\/uploads\/2020\/07\/platino-banner-1-768x99.jpg 768w\" sizes=\"(max-width: 767px) 89vw, (max-width: 1000px) 54vw, (max-width: 1071px) 543px, 580px\" \/><figcaption><br><\/figcaption><\/figure><\/div>\n\n\n\n<figure class=\"wp-block-table aligncenter is-style-stripes\"><table><tbody><tr><td class=\"has-text-align-center\" data-align=\"center\"><strong>Usted y su familia podr\u00e1n disfrutar estas lujosas villas sobre al mar<\/strong><br><br><img decoding=\"async\" src=\"https:\/\/www.caribbeannature.com\/wp-content\/uploads\/2020\/07\/A-exterior-1024x768.jpg\" alt=\"La imagen tiene un atributo ALT vac\u00edo; su nombre de archivo es A-exterior-1024x768.jpg\"><\/td><\/tr><tr><td class=\"has-text-align-center\" data-align=\"center\"><strong>Amueblamiento hasta 4 personas<\/strong><br><img decoding=\"async\" src=\"https:\/\/www.caribbeannature.com\/wp-content\/uploads\/2020\/07\/A-planta-1200-1024x768.jpg\"><br>Una amplia rec\u00e1mara con cama king, un gran sal\u00f3n con sof\u00e1-cama, cocina\/desayunador, ba\u00f1o con cabina de ducha y masaje, deck-terraza frente al mar, muelle privado con embarcaci\u00f3n a su disposici\u00f3n, solarium en primera planta, televisi\u00f3n, Wi Fi, tel\u00e9fono, cafetera, micro ondas, mini bar, caja de seguridad, piso de cristal para ver el mar.<\/td><\/tr><\/tbody><\/table><\/figure>\n\n\n\n<figure class=\"wp-block-table is-style-stripes\"><table><tbody><tr><td><img decoding=\"async\" src=\"https:\/\/www.caribbeannature.com\/wp-content\/uploads\/2020\/07\/AB-room1-ext-1024x768.jpg\"><\/td><td><img decoding=\"async\" src=\"https:\/\/www.caribbeannature.com\/wp-content\/uploads\/2020\/07\/AB-room1-int.jpg\"><\/td><\/tr><tr><td><img decoding=\"async\" src=\"https:\/\/www.caribbeannature.com\/wp-content\/uploads\/2020\/07\/A-sala-ext-1024x768.jpg\"><\/td><td><img decoding=\"async\" src=\"https:\/\/www.caribbeannature.com\/wp-content\/uploads\/2020\/07\/A-sala-int-1024x768.jpg\"><\/td><\/tr><tr><td><img decoding=\"async\" src=\"https:\/\/www.caribbeannature.com\/wp-content\/uploads\/2020\/07\/B-exterior-1024x768.jpg\"><\/td><td><img decoding=\"async\" src=\"https:\/\/www.caribbeannature.com\/wp-content\/uploads\/2020\/07\/AB-solarium-1024x732.jpg\"><\/td><\/tr><\/tbody><\/table><\/figure>\n\n\n\n<figure class=\"wp-block-table aligncenter is-style-stripes\"><table><tbody><tr><td class=\"has-text-align-center\" data-align=\"center\"><strong>Amueblamiento hasta 6 personas<\/strong><br><img decoding=\"async\" src=\"https:\/\/www.caribbeannature.com\/wp-content\/uploads\/2020\/07\/B-planta-1024x768.jpg\" alt=\"La imagen tiene un atributo ALT vac\u00edo; su nombre de archivo es B-planta-1024x768.jpg\"><br>Una amplia rec\u00e1mara con cama king, otra amplia rec\u00e1mara con dos camas queen, cocina\/desayunador, ba\u00f1o con cabina de ducha y masaje, deck-terraza frente al mar, muelle privado con embarcaci\u00f3n a su disposici\u00f3n, solarium en primera planta, televisi\u00f3n, Wi Fi, tel\u00e9fono, cafetera, micro ondas, mini bar, caja de seguridad, piso de cristal para ver el mar.<\/td><\/tr><\/tbody><\/table><\/figure>\n\n\n\n<hr class=\"wp-block-separator\"\/>\n","protected":false},"excerpt":{"rendered":"<p>Usted y su familia podr\u00e1n disfrutar estas lujosas villas sobre al mar Amueblamiento hasta 4 personasUna amplia rec\u00e1mara con cama king, un gran sal\u00f3n con sof\u00e1-cama, cocina\/desayunador, ba\u00f1o con cabina de ducha y masaje, deck-terraza frente al mar, muelle privado con embarcaci\u00f3n a su disposici\u00f3n, solarium en primera planta, televisi\u00f3n, Wi Fi, tel\u00e9fono, cafetera, micro &hellip; <\/p>\n<p class=\"link-more\"><a href=\"https:\/\/www.caribbeannature.com\/?page_id=152\" class=\"more-link\">Continuar leyendo<span class=\"screen-reader-text\"> &#8220;Villas PLATINO&#8221;<\/span><\/a><\/p>\n","protected":false},"author":1,"featured_media":0,"parent":0,"menu_order":0,"comment_status":"closed","ping_status":"closed","template":"","meta":{"footnotes":""},"yoast_head":"<!-- This site is optimized with the Yoast SEO plugin v14.7 - https:\/\/yoast.com\/wordpress\/plugins\/seo\/ -->\n<title>Villas PLATINO - Caribbean Nature<\/title>\n<meta name=\"robots\" content=\"index, follow\" \/>\n<meta name=\"googlebot\" content=\"index, follow, max-snippet:-1, max-image-preview:large, max-video-preview:-1\" \/>\n<meta name=\"bingbot\" content=\"index, follow, max-snippet:-1, max-image-preview:large, max-video-preview:-1\" \/>\n<link rel=\"canonical\" href=\"https:\/\/www.caribbeannature.com\/?page_id=152\" \/>\n<meta property=\"og:locale\" content=\"es_ES\" \/>\n<meta property=\"og:type\" content=\"article\" \/>\n<meta property=\"og:title\" content=\"Villas PLATINO - Caribbean Nature\" \/>\n<meta property=\"og:description\" content=\"Usted y su familia podr\u00e1n disfrutar estas lujosas villas sobre al mar Amueblamiento hasta 4 personasUna amplia rec\u00e1mara con cama king, un gran sal\u00f3n con sof\u00e1-cama, cocina\/desayunador, ba\u00f1o con cabina de ducha y masaje, deck-terraza frente al mar, muelle privado con embarcaci\u00f3n a su disposici\u00f3n, solarium en primera planta, televisi\u00f3n, Wi Fi, tel\u00e9fono, cafetera, micro &hellip; Continuar leyendo &quot;Villas PLATINO&quot;\" \/>\n<meta property=\"og:url\" content=\"https:\/\/www.caribbeannature.com\/?page_id=152\" \/>\n<meta property=\"og:site_name\" content=\"Caribbean Nature\" \/>\n<meta property=\"article:modified_time\" content=\"2021-10-13T20:06:08+00:00\" \/>\n<meta property=\"og:image\" content=\"https:\/\/www.caribbeannature.com\/wp-content\/uploads\/2020\/07\/platino-banner-1.jpg\" \/>\n<meta name=\"twitter:card\" content=\"summary_large_image\" \/>\n<script type=\"application\/ld+json\" class=\"yoast-schema-graph\">{\"@context\":\"https:\/\/schema.org\",\"@graph\":[{\"@type\":\"WebSite\",\"@id\":\"https:\/\/www.caribbeannature.com\/#website\",\"url\":\"https:\/\/www.caribbeannature.com\/\",\"name\":\"Caribbean Nature\",\"description\":\"Resort n&uacute;mero 1 en Bocas del Toro\",\"potentialAction\":[{\"@type\":\"SearchAction\",\"target\":\"https:\/\/www.caribbeannature.com\/?s={search_term_string}\",\"query-input\":\"required name=search_term_string\"}],\"inLanguage\":\"es\"},{\"@type\":\"ImageObject\",\"@id\":\"https:\/\/www.caribbeannature.com\/?page_id=152#primaryimage\",\"inLanguage\":\"es\",\"url\":\"https:\/\/www.caribbeannature.com\/wp-content\/uploads\/2020\/07\/platino-banner-1.jpg\",\"width\":850,\"height\":110,\"caption\":\"Villas platino\"},{\"@type\":\"WebPage\",\"@id\":\"https:\/\/www.caribbeannature.com\/?page_id=152#webpage\",\"url\":\"https:\/\/www.caribbeannature.com\/?page_id=152\",\"name\":\"Villas PLATINO - Caribbean Nature\",\"isPartOf\":{\"@id\":\"https:\/\/www.caribbeannature.com\/#website\"},\"primaryImageOfPage\":{\"@id\":\"https:\/\/www.caribbeannature.com\/?page_id=152#primaryimage\"},\"datePublished\":\"2020-07-30T06:38:54+00:00\",\"dateModified\":\"2021-10-13T20:06:08+00:00\",\"inLanguage\":\"es\",\"potentialAction\":[{\"@type\":\"ReadAction\",\"target\":[\"https:\/\/www.caribbeannature.com\/?page_id=152\"]}]}]}<\/script>\n<!-- \/ Yoast SEO plugin. -->","_links":{"self":[{"href":"https:\/\/www.caribbeannature.com\/index.php?rest_route=\/wp\/v2\/pages\/152"}],"collection":[{"href":"https:\/\/www.caribbeannature.com\/index.php?rest_route=\/wp\/v2\/pages"}],"about":[{"href":"https:\/\/www.caribbeannature.com\/index.php?rest_route=\/wp\/v2\/types\/page"}],"author":[{"embeddable":true,"href":"https:\/\/www.caribbeannature.com\/index.php?rest_route=\/wp\/v2\/users\/1"}],"replies":[{"embeddable":true,"href":"https:\/\/www.caribbeannature.com\/index.php?rest_route=%2Fwp%2Fv2%2Fcomments&post=152"}],"version-history":[{"count":8,"href":"https:\/\/www.caribbeannature.com\/index.php?rest_route=\/wp\/v2\/pages\/152\/revisions"}],"predecessor-version":[{"id":296,"href":"https:\/\/www.caribbeannature.com\/index.php?rest_route=\/wp\/v2\/pages\/152\/revisions\/296"}],"wp:attachment":[{"href":"https:\/\/www.caribbeannature.com\/index.php?rest_route=%2Fwp%2Fv2%2Fmedia&parent=152"}],"curies":[{"name":"wp","href":"https:\/\/api.w.org\/{rel}","templated":true}]}}